{"id":14517,"date":"2023-04-25T13:37:02","date_gmt":"2023-04-25T11:37:02","guid":{"rendered":"https:\/\/autoscan.app\/?page_id=14517"},"modified":"2025-05-12T14:35:34","modified_gmt":"2025-05-12T12:35:34","slug":"hardware","status":"publish","type":"page","link":"https:\/\/autoscan.app\/de\/hardware\/","title":{"rendered":"Hardware"},"content":{"rendered":"<div id='av_section_1'  class='avia-section av-lgkrwzdg-acc1ba04aac83b367e1274c342d19099 footer_color avia-section-default avia-no-border-styling  avia-builder-el-0  el_before_av_section  avia-builder-el-first  avia-bg-style-scroll container_wrap fullsize'  ><div class='container av-section-cont-open' ><main  role=\"main\" itemprop=\"mainContentOfPage\"  class='template-page content  av-content-full alpha units'><div class='post-entry post-entry-type-page post-entry-14517'><div class='entry-content-wrapper clearfix'>\n<div  class='flex_column av-waw5qv-f933962fa6d2b557fb4caf4ba961d96d av_one_full  avia-builder-el-1  el_before_av_one_full  avia-builder-el-first  first flex_column_div  '     ><style type=\"text\/css\" data-created_by=\"avia_inline_auto\" id=\"style-css-av-lgkwl88s-4dffcf44def68ef10be11419cbb5a690\">\n#top .av_textblock_section.av-lgkwl88s-4dffcf44def68ef10be11419cbb5a690 .avia_textblock{\ncolor:#ffffff;\n}\n<\/style>\n<section  class='av_textblock_section av-lgkwl88s-4dffcf44def68ef10be11419cbb5a690 '   itemscope=\"itemscope\" itemtype=\"https:\/\/schema.org\/CreativeWork\" ><div class='avia_textblock av_inherit_color'  itemprop=\"text\" ><h1 style=\"text-align: center; color: white;\">Der beste Scanner f\u00fcr Ihr Lager &amp; zus\u00e4tzliche Hardware<\/h1>\n<\/div><\/section><\/div>\n<style type=\"text\/css\" data-created_by=\"avia_inline_auto\" id=\"style-css-av-lgkwmipa-07d1bddc9f0eabb333452ef86950fc5d\">\n#top .flex_column.av-lgkwmipa-07d1bddc9f0eabb333452ef86950fc5d{\nmargin-top:0px;\nmargin-bottom:0px;\n}\n.flex_column.av-lgkwmipa-07d1bddc9f0eabb333452ef86950fc5d{\npadding:0 100px 0 100px;\n}\n.responsive #top #wrap_all .flex_column.av-lgkwmipa-07d1bddc9f0eabb333452ef86950fc5d{\nmargin-top:0px;\nmargin-bottom:0px;\n}\n\n@media only screen and (min-width: 990px){ \n.flex_column.av-lgkwmipa-07d1bddc9f0eabb333452ef86950fc5d{\npadding:0 100px 0 100px;\n}\n}\n\n@media only screen and (min-width: 768px) and (max-width: 989px){ \n.flex_column.av-lgkwmipa-07d1bddc9f0eabb333452ef86950fc5d{\npadding:0 0 0 0;\n}\n}\n\n@media only screen and (min-width: 480px) and (max-width: 767px){ \n.flex_column.av-lgkwmipa-07d1bddc9f0eabb333452ef86950fc5d{\npadding:0 0 0 0;\n}\n}\n\n@media only screen and (max-width: 479px){ \n.flex_column.av-lgkwmipa-07d1bddc9f0eabb333452ef86950fc5d{\npadding:0 0 0 0;\n}\n}\n<\/style>\n<div  class='flex_column av-lgkwmipa-07d1bddc9f0eabb333452ef86950fc5d av_one_full  avia-builder-el-3  el_after_av_one_full  avia-builder-el-last  first flex_column_div  column-top-margin'     ><style type=\"text\/css\" data-created_by=\"avia_inline_auto\" id=\"style-css-av-lgkwlfec-9f5f252e661d38829022fe25f09e1fdd\">\n#top .av_textblock_section.av-lgkwlfec-9f5f252e661d38829022fe25f09e1fdd .avia_textblock{\ncolor:#ffffff;\n}\n<\/style>\n<section  class='av_textblock_section av-lgkwlfec-9f5f252e661d38829022fe25f09e1fdd '   itemscope=\"itemscope\" itemtype=\"https:\/\/schema.org\/CreativeWork\" ><div class='avia_textblock av_inherit_color'  itemprop=\"text\" ><p style=\"text-align: center; color: white;\">Sind Sie es leid, nach dem besten Lagerscanner zu suchen?<br \/>\nWir bieten Ihnen den idealen Scanner sowie zus\u00e4tzliche Hardware! Das Paket wird direkt zu Ihnen geschickt \u2013 bereits eingerichtet mit unserer Scannerl\u00f6sung <a href=\"https:\/\/autoscan.app\/de\/\">autoscan<\/a> und einsatzbereit!<\/p>\n<p style=\"text-align: center; color: white;\">\u00dcbrigens: Unsere Scannerl\u00f6sung <a href=\"https:\/\/autoscan.app\/de\/\">autoscan<\/a> l\u00e4uft auf allen Android-Ger\u00e4ten. Sie k\u00f6nnen also auch jeden anderen Scanner w\u00e4hlen!<\/p>\n<\/div><\/section><\/div>\n\n<\/div><\/div><\/main><!-- close content main element --><\/div><\/div><div id='av_section_2'  class='avia-section av-3b9uhsn-c14c6f62656b739e79e1c65889e0c0fc main_color avia-section-default avia-no-border-styling  avia-builder-el-5  el_after_av_section  el_before_av_one_half  avia-bg-style-scroll container_wrap fullsize'  ><div class='container av-section-cont-open' ><div class='template-page content  av-content-full alpha units'><div class='post-entry post-entry-type-page post-entry-14517'><div class='entry-content-wrapper clearfix'>\n<div  class='flex_column av-37dxmmv-488ab179d8fef2c2db774c9b01178358 av_one_half  avia-builder-el-6  el_before_av_one_half  avia-builder-el-first  first flex_column_div  '     ><style type=\"text\/css\" data-created_by=\"avia_inline_auto\" id=\"style-css-av-lgkskqpv-a9c9117f7fb7aca1e44eae4c0bee6154\">\n.avia-image-container.av-lgkskqpv-a9c9117f7fb7aca1e44eae4c0bee6154 img.avia_image{\nbox-shadow:none;\n}\n.avia-image-container.av-lgkskqpv-a9c9117f7fb7aca1e44eae4c0bee6154 .av-image-caption-overlay-center{\ncolor:#ffffff;\n}\n<\/style>\n<div  class='avia-image-container av-lgkskqpv-a9c9117f7fb7aca1e44eae4c0bee6154 av-styling- avia-align-center  avia-builder-el-7  avia-builder-el-no-sibling '   itemprop=\"image\" itemscope=\"itemscope\" itemtype=\"https:\/\/schema.org\/ImageObject\" ><div class=\"avia-image-container-inner\"><div class=\"avia-image-overlay-wrap\"><img decoding=\"async\" class='wp-image-14246 avia-img-lazy-loading-not-14246 avia_image ' src=\"https:\/\/autoscan.app\/wp-content\/uploads\/2023\/04\/AUTOID10.png\" alt='' title='AUTOID10'  height=\"658\" width=\"280\"  itemprop=\"thumbnailUrl\" srcset=\"https:\/\/autoscan.app\/wp-content\/uploads\/2023\/04\/AUTOID10.png 280w, https:\/\/autoscan.app\/wp-content\/uploads\/2023\/04\/AUTOID10-128x300.png 128w\" sizes=\"(max-width: 280px) 100vw, 280px\" \/><\/div><\/div><\/div><\/div><div  class='flex_column av-2pwg0qf-98b3380ca96fa8912b093c39f1aa47ae av_one_half  avia-builder-el-8  el_after_av_one_half  el_before_av_one_full  flex_column_div  '     ><section  class='av_textblock_section av-lgkt1wv0-fc3365d205283acefe284499d649836d '   itemscope=\"itemscope\" itemtype=\"https:\/\/schema.org\/CreativeWork\" ><div class='avia_textblock'  itemprop=\"text\" ><h2>Der beste Scanner f\u00fcrs Lager: Schnell  kompakt!<\/h2>\n<p><a href=\"https:\/\/en.seuic.com\/product\/d9lkELVa.html\" target=\"_blank\" rel=\"noopener\">SEUIC AUTOID10<\/a> ist unser empfohlenes Ger\u00e4t, wenn Sie einen All-in-One-Lagerscanner ben\u00f6tigen.<\/p>\n<p>Sie k\u00f6nnen dieses Ger\u00e4t direkt bei uns oder unseren Partnern kaufen \u2013 <strong>mit bereits installiertem und einsatzbereitem<\/strong> <strong>autoscan.<\/strong><\/p>\n<\/div><\/section><\/div>\n<style type=\"text\/css\" data-created_by=\"avia_inline_auto\" id=\"style-css-av-ruhzdj-5268959ac60a31089b681d5f74284d5c\">\n#top .flex_column.av-ruhzdj-5268959ac60a31089b681d5f74284d5c{\nmargin-top:75px;\nmargin-bottom:0px;\n}\n.flex_column.av-ruhzdj-5268959ac60a31089b681d5f74284d5c{\npadding:0 0 0 0;\n}\n.avia_transform .flex_column.av-ruhzdj-5268959ac60a31089b681d5f74284d5c{\nanimation-duration:1.5s;\n}\n.responsive #top #wrap_all .flex_column.av-ruhzdj-5268959ac60a31089b681d5f74284d5c{\nmargin-top:75px;\nmargin-bottom:0px;\n}\n\n@media only screen and (min-width: 990px){ \n#top .flex_column.av-ruhzdj-5268959ac60a31089b681d5f74284d5c{\nmargin-top:75px;\nmargin-bottom:0;\n}\n.responsive #top #wrap_all .flex_column.av-ruhzdj-5268959ac60a31089b681d5f74284d5c{\nmargin-top:75px;\nmargin-bottom:0;\n}\n}\n\n@media only screen and (min-width: 768px) and (max-width: 989px){ \n#top .flex_column.av-ruhzdj-5268959ac60a31089b681d5f74284d5c{\nmargin-top:0;\nmargin-bottom:0;\n}\n.responsive #top #wrap_all .flex_column.av-ruhzdj-5268959ac60a31089b681d5f74284d5c{\nmargin-top:0;\nmargin-bottom:0;\n}\n}\n\n@media only screen and (min-width: 480px) and (max-width: 767px){ \n#top .flex_column.av-ruhzdj-5268959ac60a31089b681d5f74284d5c{\nmargin-top:0;\nmargin-bottom:0;\n}\n.responsive #top #wrap_all .flex_column.av-ruhzdj-5268959ac60a31089b681d5f74284d5c{\nmargin-top:0;\nmargin-bottom:0;\n}\n}\n\n@media only screen and (max-width: 479px){ \n#top .flex_column.av-ruhzdj-5268959ac60a31089b681d5f74284d5c{\nmargin-top:0;\nmargin-bottom:0;\n}\n.responsive #top #wrap_all .flex_column.av-ruhzdj-5268959ac60a31089b681d5f74284d5c{\nmargin-top:0;\nmargin-bottom:0;\n}\n}\n<\/style>\n<div  class='flex_column av-ruhzdj-5268959ac60a31089b681d5f74284d5c av_one_full  avia-builder-el-10  el_after_av_one_half  el_before_av_one_full  delay-1 first flex_column_div av-animated-generic fade-in-right av-zero-column-padding  column-top-margin'     ><div  class='hr av-lgux1yfy-85aed5a86e906b61c089d706871985c9 hr-default  avia-builder-el-11  avia-builder-el-no-sibling '><span class='hr-inner '><span class=\"hr-inner-style\"><\/span><\/span><\/div><\/div><div  class='flex_column av-28vv4ev-f886014729843782bba8243d8edfdf6e av_one_full  avia-builder-el-12  el_after_av_one_full  el_before_av_one_half  first flex_column_div  column-top-margin'     ><section  class='av_textblock_section av-lguuw26d-b44bd9385349dacdfd34de4a9d40ab22 '   itemscope=\"itemscope\" itemtype=\"https:\/\/schema.org\/CreativeWork\" ><div class='avia_textblock'  itemprop=\"text\" ><h3>Die 4 Gr\u00fcnde, warum SEUIC AUTOID10 der beste Scanner f\u00fcrs Lager ist<\/h3>\n<ol>\n<li>Scan-Leistung: SEUIC AUTOID10 scannt alle Arten von 1D- und 2D-Codes superschnell, auch aus einer Entfernung von mehr als 1 Meter.<\/li>\n<li>Handhabung: Der Scanner liegt gut in der Hand und ist klein genug, um in Ihre Tasche zu passen. Sie k\u00f6nnen ihn sogar mit Handschuhen bedienen. Die Hardware-Tastatur erleichtert die Zahleneingabe bei Bedarf.<\/li>\n<li>Leistung: <strong>autoscan <\/strong>l\u00e4uft schnell und reibungslos auf dem SEUIC AUTOID10 (Spezifikationen: <span class=\"ui-provider ix b c d e f g h i j k l m n o p q r s t u v w x y z ab ac ae af ag ah ai aj ak\" dir=\"ltr\">Qualcomm Octa-core 2.0 GHz, 4GB+64GB, Android 14<\/span>).<\/li>\n<li>Preisgestaltung: Das Preis-\/Leistungsverh\u00e4ltnis ist hervorragend \u2013 fragen Sie uns nach weiteren Informationen!<\/li>\n<\/ol>\n<\/div><\/section><\/div><div  class='flex_column av-1m0kx3r-c9dd50320ee75f6149ba5e0c52609b39 av_one_half  avia-builder-el-14  el_after_av_one_full  el_before_av_one_half  first flex_column_div  column-top-margin'     ><style type=\"text\/css\" data-created_by=\"avia_inline_auto\" id=\"style-css-av-lguwwwpl-bfa8ede4fcb808294c5e31efdbc79f18\">\n.avia-image-container.av-lguwwwpl-bfa8ede4fcb808294c5e31efdbc79f18 img.avia_image{\nbox-shadow:none;\n}\n.avia-image-container.av-lguwwwpl-bfa8ede4fcb808294c5e31efdbc79f18 .av-image-caption-overlay-center{\ncolor:#ffffff;\n}\n<\/style>\n<div  class='avia-image-container av-lguwwwpl-bfa8ede4fcb808294c5e31efdbc79f18 av-styling- avia-align-left  avia-builder-el-15  avia-builder-el-no-sibling '   itemprop=\"image\" itemscope=\"itemscope\" itemtype=\"https:\/\/schema.org\/ImageObject\" ><div class=\"avia-image-container-inner\"><div class=\"avia-image-overlay-wrap\"><img decoding=\"async\" class='wp-image-14458 avia-img-lazy-loading-not-14458 avia_image ' src=\"https:\/\/autoscan.app\/wp-content\/uploads\/2023\/04\/SEUIC-AI10-Extras.jpg\" alt='' title='SEUIC-AI10-Extras'  height=\"346\" width=\"400\"  itemprop=\"thumbnailUrl\" srcset=\"https:\/\/autoscan.app\/wp-content\/uploads\/2023\/04\/SEUIC-AI10-Extras.jpg 400w, https:\/\/autoscan.app\/wp-content\/uploads\/2023\/04\/SEUIC-AI10-Extras-300x260.jpg 300w\" sizes=\"(max-width: 400px) 100vw, 400px\" \/><\/div><\/div><\/div><\/div><div  class='flex_column av-1bwzhyv-fad6317f922c61050c350840fd79782e av_one_half  avia-builder-el-16  el_after_av_one_half  el_before_av_one_full  flex_column_div  column-top-margin'     ><section  class='av_textblock_section av-lguvv5gd-65e6189ef67760868fbd6c32f0f7d69d '   itemscope=\"itemscope\" itemtype=\"https:\/\/schema.org\/CreativeWork\" ><div class='avia_textblock'  itemprop=\"text\" ><h3>Plus: Zubeh\u00f6r f\u00fcr die indivduelle Gestaltung!<\/h3>\n<ul>\n<li>Ladestationen (1x &amp; 5x)<\/li>\n<li>Pistolengriff<\/li>\n<li>Sto\u00dffeste Gummih\u00fclle<\/li>\n<li>G\u00fcrteltasche<\/li>\n<li>Akku-Ladestation (der AUTO ID10 verf\u00fcgt \u00fcber Hot-Swap-Batterien, die einen Batteriewechsel ohne Abschaltung erm\u00f6glichen und so Datenverluste verhindern!)<\/li>\n<\/ul>\n<\/div><\/section><\/div>\n<style type=\"text\/css\" data-created_by=\"avia_inline_auto\" id=\"style-css-av-lgkwints-1166052183e3b07e4f97f50ed524df51\">\n#top .flex_column.av-lgkwints-1166052183e3b07e4f97f50ed524df51{\nmargin-top:75px;\nmargin-bottom:0px;\n}\n.flex_column.av-lgkwints-1166052183e3b07e4f97f50ed524df51{\npadding:0 0 0 0;\n}\n.avia_transform .flex_column.av-lgkwints-1166052183e3b07e4f97f50ed524df51{\nanimation-duration:1.5s;\n}\n.responsive #top #wrap_all .flex_column.av-lgkwints-1166052183e3b07e4f97f50ed524df51{\nmargin-top:75px;\nmargin-bottom:0px;\n}\n\n@media only screen and (min-width: 990px){ \n#top .flex_column.av-lgkwints-1166052183e3b07e4f97f50ed524df51{\nmargin-top:75px;\nmargin-bottom:0;\n}\n.responsive #top #wrap_all .flex_column.av-lgkwints-1166052183e3b07e4f97f50ed524df51{\nmargin-top:75px;\nmargin-bottom:0;\n}\n}\n\n@media only screen and (min-width: 768px) and (max-width: 989px){ \n#top .flex_column.av-lgkwints-1166052183e3b07e4f97f50ed524df51{\nmargin-top:0;\nmargin-bottom:0;\n}\n.responsive #top #wrap_all .flex_column.av-lgkwints-1166052183e3b07e4f97f50ed524df51{\nmargin-top:0;\nmargin-bottom:0;\n}\n}\n\n@media only screen and (min-width: 480px) and (max-width: 767px){ \n#top .flex_column.av-lgkwints-1166052183e3b07e4f97f50ed524df51{\nmargin-top:0;\nmargin-bottom:0;\n}\n.responsive #top #wrap_all .flex_column.av-lgkwints-1166052183e3b07e4f97f50ed524df51{\nmargin-top:0;\nmargin-bottom:0;\n}\n}\n\n@media only screen and (max-width: 479px){ \n#top .flex_column.av-lgkwints-1166052183e3b07e4f97f50ed524df51{\nmargin-top:0;\nmargin-bottom:0;\n}\n.responsive #top #wrap_all .flex_column.av-lgkwints-1166052183e3b07e4f97f50ed524df51{\nmargin-top:0;\nmargin-bottom:0;\n}\n}\n<\/style>\n<div  id=\"anchor-printer\"  class='flex_column av-lgkwints-1166052183e3b07e4f97f50ed524df51 av_one_full  avia-builder-el-18  el_after_av_one_half  el_before_av_one_half  delay-1 first flex_column_div av-animated-generic fade-in-right av-zero-column-padding  column-top-margin'     ><div  id=\"orange-line\"  class='hr av-15pu8fr-c1811ff63d8848d06f62e35e4a10f015 hr-full  avia-builder-el-19  avia-builder-el-no-sibling  hr-no-shadow'><span class='hr-inner '><span class=\"hr-inner-style\"><\/span><\/span><\/div><\/div><div  class='flex_column av-265ib9z-3055ef706efa33eed4908f960f7e565f av_one_half  avia-builder-el-20  el_after_av_one_full  el_before_av_one_half  first flex_column_div  column-top-margin'     ><section  class='av_textblock_section av-lgktapkj-347ea0e4161bb703f939797b02ada144 '   itemscope=\"itemscope\" itemtype=\"https:\/\/schema.org\/CreativeWork\" ><div class='avia_textblock'  itemprop=\"text\" ><h2>Mobiler Etikettendruck f\u00fcr das Lager<\/h2>\n<p>Der Zebra ZQ210 ist der Drucker unserer Wahl!<\/p>\n<p>Drucken Sie Etiketten im Handumdrehen, wo und wann immer Sie sie brauchen<\/p>\n<ul>\n<li>Artikel-Etiketten<\/li>\n<li>Regal-Etiketten<\/li>\n<li>Etiketten f\u00fcr das Umschlagsgesch\u00e4ft (w\u00e4hrend der Warenannahme)<\/li>\n<li>Reservierungen (w\u00e4hrend des <a href=\"https:\/\/autoscan.app\/de\/funktionen\/#feature-picking\">Greifens<\/a>)<\/li>\n<\/ul>\n<p>Sehen Sie den Drucker in Aktion <a href=\"https:\/\/youtu.be\/CjYtps8A86M?t=47\" target=\"_blank\" rel=\"noopener\">in einem unserer YouTube-Videos<\/a>!<\/p>\n<p>Den Drucker sowie spezielle Etiketten k\u00f6nnen Sie bei uns oder unseren Partnern beziehen.<\/p>\n<\/div><\/section><\/div><div  class='flex_column av-1obebcn-d7dc7d1c49103c03e7feb0d13ca3b3c7 av_one_half  avia-builder-el-22  el_after_av_one_half  el_before_av_one_full  flex_column_div  column-top-margin'     ><style type=\"text\/css\" data-created_by=\"avia_inline_auto\" id=\"style-css-av-lgksrzgd-9505b137b4fb9f3ca3f7e4ecee84730f\">\n.avia-image-container.av-lgksrzgd-9505b137b4fb9f3ca3f7e4ecee84730f img.avia_image{\nbox-shadow:none;\n}\n.avia-image-container.av-lgksrzgd-9505b137b4fb9f3ca3f7e4ecee84730f .av-image-caption-overlay-center{\ncolor:#ffffff;\n}\n<\/style>\n<div  class='avia-image-container av-lgksrzgd-9505b137b4fb9f3ca3f7e4ecee84730f av-styling- avia-align-center  avia-builder-el-23  avia-builder-el-no-sibling '   itemprop=\"image\" itemscope=\"itemscope\" itemtype=\"https:\/\/schema.org\/ImageObject\" ><div class=\"avia-image-container-inner\"><div class=\"avia-image-overlay-wrap\"><img decoding=\"async\" class='wp-image-15122 avia-img-lazy-loading-not-15122 avia_image ' src=\"https:\/\/autoscan.app\/wp-content\/uploads\/2023\/07\/Drucker-Zebra-ZQ210.png\" alt='' title='Drucker-Zebra-ZQ210'  height=\"1029\" width=\"858\"  itemprop=\"thumbnailUrl\" srcset=\"https:\/\/autoscan.app\/wp-content\/uploads\/2023\/07\/Drucker-Zebra-ZQ210.png 858w, https:\/\/autoscan.app\/wp-content\/uploads\/2023\/07\/Drucker-Zebra-ZQ210-250x300.png 250w, https:\/\/autoscan.app\/wp-content\/uploads\/2023\/07\/Drucker-Zebra-ZQ210-768x921.png 768w, https:\/\/autoscan.app\/wp-content\/uploads\/2023\/07\/Drucker-Zebra-ZQ210-588x705.png 588w\" sizes=\"(max-width: 858px) 100vw, 858px\" \/><\/div><\/div><\/div><\/div>\n<style type=\"text\/css\" data-created_by=\"avia_inline_auto\" id=\"style-css-av-lgkwjf22-2a782c46cb275cc178e8e127b66a3a2a\">\n#top .flex_column.av-lgkwjf22-2a782c46cb275cc178e8e127b66a3a2a{\nmargin-top:75px;\nmargin-bottom:0px;\n}\n.flex_column.av-lgkwjf22-2a782c46cb275cc178e8e127b66a3a2a{\npadding:0 0 0 0;\n}\n.avia_transform .flex_column.av-lgkwjf22-2a782c46cb275cc178e8e127b66a3a2a{\nanimation-duration:1.5s;\n}\n.responsive #top #wrap_all .flex_column.av-lgkwjf22-2a782c46cb275cc178e8e127b66a3a2a{\nmargin-top:75px;\nmargin-bottom:0px;\n}\n\n@media only screen and (min-width: 990px){ \n#top .flex_column.av-lgkwjf22-2a782c46cb275cc178e8e127b66a3a2a{\nmargin-top:75px;\nmargin-bottom:0;\n}\n.responsive #top #wrap_all .flex_column.av-lgkwjf22-2a782c46cb275cc178e8e127b66a3a2a{\nmargin-top:75px;\nmargin-bottom:0;\n}\n}\n\n@media only screen and (min-width: 768px) and (max-width: 989px){ \n#top .flex_column.av-lgkwjf22-2a782c46cb275cc178e8e127b66a3a2a{\nmargin-top:0;\nmargin-bottom:0;\n}\n.responsive #top #wrap_all .flex_column.av-lgkwjf22-2a782c46cb275cc178e8e127b66a3a2a{\nmargin-top:0;\nmargin-bottom:0;\n}\n}\n\n@media only screen and (min-width: 480px) and (max-width: 767px){ \n#top .flex_column.av-lgkwjf22-2a782c46cb275cc178e8e127b66a3a2a{\nmargin-top:0;\nmargin-bottom:0;\n}\n.responsive #top #wrap_all .flex_column.av-lgkwjf22-2a782c46cb275cc178e8e127b66a3a2a{\nmargin-top:0;\nmargin-bottom:0;\n}\n}\n\n@media only screen and (max-width: 479px){ \n#top .flex_column.av-lgkwjf22-2a782c46cb275cc178e8e127b66a3a2a{\nmargin-top:0;\nmargin-bottom:0;\n}\n.responsive #top #wrap_all .flex_column.av-lgkwjf22-2a782c46cb275cc178e8e127b66a3a2a{\nmargin-top:0;\nmargin-bottom:0;\n}\n}\n<\/style>\n<div  class='flex_column av-lgkwjf22-2a782c46cb275cc178e8e127b66a3a2a av_one_full  avia-builder-el-24  el_after_av_one_half  el_before_av_one_half  delay-1 first flex_column_div av-animated-generic fade-in-right av-zero-column-padding  column-top-margin'     ><div  id=\"orange-line\"  class='hr av-qlhm1j-daa902a40dc0bbdf4d550639e9a50c6c hr-full  avia-builder-el-25  avia-builder-el-no-sibling  hr-no-shadow'><span class='hr-inner '><span class=\"hr-inner-style\"><\/span><\/span><\/div><\/div><div  class='flex_column av-t2sms7-26cfff9251a98fbc3a8751e6315f48bc av_one_half  avia-builder-el-26  el_after_av_one_full  el_before_av_one_half  first flex_column_div  column-top-margin'     ><section  class='av_textblock_section av-lgktt8sd-176adcc8083d390156eedc40850c6d0f '   itemscope=\"itemscope\" itemtype=\"https:\/\/schema.org\/CreativeWork\" ><div class='avia_textblock'  itemprop=\"text\" ><h2>Profiltiefen-Messung mit etirechecker\u00ae<\/h2>\n<p>Der etirechecker\u00ae unseres Partners efleetcon ist das perfekte Add-on f\u00fcr Autoh\u00e4ndler und Werkst\u00e4tten, die mit dem <a href=\"https:\/\/autoscan.app\/de\/funktionen\/#feature-depot-order\">Reifenhotel<\/a> arbeiten.<\/p>\n<p>Die Messung der Profiltiefe w\u00e4hrend der Reifen-Saison war noch nie einfacher und schneller!<\/p>\n<p>Schauen Sie sich <a href=\"https:\/\/youtu.be\/eZiJf6_VBns?t=78\" target=\"_blank\" rel=\"noopener\">unser Demo-Video<\/a> an, um zu sehen, wie es funktioniert!<\/p>\n<\/div><\/section><\/div><div  class='flex_column av-10v3idz-c1fc1fd3ca57d1ae7b6e05065b16acca av_one_half  avia-builder-el-28  el_after_av_one_half  avia-builder-el-last  flex_column_div  column-top-margin'     ><style type=\"text\/css\" data-created_by=\"avia_inline_auto\" id=\"style-css-av-lgktqpl2-f790a850e65de77b65f7a553337dbb8b\">\n.avia-image-container.av-lgktqpl2-f790a850e65de77b65f7a553337dbb8b img.avia_image{\nbox-shadow:none;\n}\n.avia-image-container.av-lgktqpl2-f790a850e65de77b65f7a553337dbb8b .av-image-caption-overlay-center{\ncolor:#ffffff;\n}\n<\/style>\n<div  class='avia-image-container av-lgktqpl2-f790a850e65de77b65f7a553337dbb8b av-styling- avia-align-center  avia-builder-el-29  avia-builder-el-no-sibling '   itemprop=\"image\" itemscope=\"itemscope\" itemtype=\"https:\/\/schema.org\/ImageObject\" ><div class=\"avia-image-container-inner\"><div class=\"avia-image-overlay-wrap\"><img decoding=\"async\" class='wp-image-14270 avia-img-lazy-loading-not-14270 avia_image ' src=\"https:\/\/autoscan.app\/wp-content\/uploads\/2023\/04\/etirechecker-wheel.jpg\" alt='' title='etirechecker-wheel'  height=\"451\" width=\"450\"  itemprop=\"thumbnailUrl\" srcset=\"https:\/\/autoscan.app\/wp-content\/uploads\/2023\/04\/etirechecker-wheel.jpg 450w, https:\/\/autoscan.app\/wp-content\/uploads\/2023\/04\/etirechecker-wheel-300x300.jpg 300w, https:\/\/autoscan.app\/wp-content\/uploads\/2023\/04\/etirechecker-wheel-80x80.jpg 80w, https:\/\/autoscan.app\/wp-content\/uploads\/2023\/04\/etirechecker-wheel-36x36.jpg 36w, https:\/\/autoscan.app\/wp-content\/uploads\/2023\/04\/etirechecker-wheel-180x180.jpg 180w\" sizes=\"(max-width: 450px) 100vw, 450px\" \/><\/div><\/div><\/div><\/div><\/div><\/div><\/div><!-- close content main div --><\/div><\/div><div id='after_section_2'  class='main_color av_default_container_wrap container_wrap fullsize'  ><div class='container av-section-cont-open' ><div class='template-page content  av-content-full alpha units'><div class='post-entry post-entry-type-page post-entry-14517'><div class='entry-content-wrapper clearfix'><div  class='flex_column av-ic3ldj-31f692b42e36f248ad61b42cab72bbe1 av_one_half  avia-builder-el-30  el_after_av_section  avia-builder-el-no-sibling  first flex_column_div  '     ><\/div><\/p>\n","protected":false},"excerpt":{"rendered":"<p>Den richtigen Scanner f\u00fcr Ihr Lager zu finden, ist schwer. Wir haben f\u00fcr Sie gestestet und den besten Scanner f\u00fcrs Lager gefunden!<\/p>\n","protected":false},"author":123668511,"featured_media":0,"parent":0,"menu_order":0,"comment_status":"closed","ping_status":"closed","template":"","meta":{"content-type":""},"_links":{"self":[{"href":"https:\/\/autoscan.app\/de\/wp-json\/wp\/v2\/pages\/14517"}],"collection":[{"href":"https:\/\/autoscan.app\/de\/wp-json\/wp\/v2\/pages"}],"about":[{"href":"https:\/\/autoscan.app\/de\/wp-json\/wp\/v2\/types\/page"}],"author":[{"embeddable":true,"href":"https:\/\/autoscan.app\/de\/wp-json\/wp\/v2\/users\/123668511"}],"replies":[{"embeddable":true,"href":"https:\/\/autoscan.app\/de\/wp-json\/wp\/v2\/comments?post=14517"}],"version-history":[{"count":104,"href":"https:\/\/autoscan.app\/de\/wp-json\/wp\/v2\/pages\/14517\/revisions"}],"predecessor-version":[{"id":18249,"href":"https:\/\/autoscan.app\/de\/wp-json\/wp\/v2\/pages\/14517\/revisions\/18249"}],"wp:attachment":[{"href":"https:\/\/autoscan.app\/de\/wp-json\/wp\/v2\/media?parent=14517"}],"curies":[{"name":"wp","href":"https:\/\/api.w.org\/{rel}","templated":true}]}}