{"id":8570,"date":"2020-10-07T09:37:37","date_gmt":"2020-10-07T07:37:37","guid":{"rendered":"https:\/\/autoscan.app\/datenschutzerklaerung\/"},"modified":"2022-12-24T15:36:58","modified_gmt":"2022-12-24T14:36:58","slug":"privacy-policy","status":"publish","type":"page","link":"https:\/\/autoscan.app\/de\/privacy-policy\/","title":{"rendered":"Privacy Policy"},"content":{"rendered":"<\/p>\n<div  class='flex_column av-1w9fk4-df339a55580da8f44b6c4f908505cbdb av_one_half  avia-builder-el-0  el_before_av_one_half  avia-builder-el-first  first flex_column_div  '     ><section  class='av_textblock_section av-kwkleu2u-da36d0abe7abd3e9d09fcce20d7f6761 '   itemscope=\"itemscope\" itemtype=\"https:\/\/schema.org\/CreativeWork\" ><div class='avia_textblock'  itemprop=\"text\" ><h2><strong>DATENSCHUTZ-ERKL\u00c4RUNG<\/strong><\/h2>\n<p>Nachfolgend finden Sie Informationen, welche Daten w\u00e4hrend Ihres Besuchs erfasst und wie diese genutzt werden.<\/p>\n<h2><strong>Grunds\u00e4tzliche Angaben zur Datenverarbeitung<\/strong><\/h2>\n<p>Wir erheben, verarbeiten und nutzen personenbezogene Daten nur unter Einhaltung der einschl\u00e4gigen Datenschutzbestimmungen. Das bedeutet, die Daten werden nur beim Vorliegen einer gesetzlichen Erlaubnis oder Vorliegen einer Einwilligung verwendet.<\/p>\n<p>Wir treffen organisatorische, vertragliche und technische Sicherheitsma\u00dfnahmen entsprechend dem Stand der Technik, um sicher zu stellen, dass die Vorschriften der Datenschutzgesetze eingehalten werden und um damit die durch uns verwalteten Daten gegen zuf\u00e4llige oder vors\u00e4tzliche Manipulationen, Verlust, Zerst\u00f6rung oder gegen den Zugriff unberechtigter Personen zu sch\u00fctzen.<\/p>\n<h2><strong>Datenverarbeitung auf dieser Webseite <\/strong><\/h2>\n<p>Die Nutzung unserer Webseite ist in der Regel ohne Angabe personenbezogener Daten m\u00f6glich. Soweit auf unseren Seiten personenbezogene Daten erhoben werden, erfolgt dies stets auf freiwilliger Basis.<\/p>\n<p>Wir nutzen f\u00fcr diese Website das Content Management System WordPress. Im Zuge des Besuches dieser Website werden von Benutzer*innen technische Daten erhoben: IP Adresse, Browser, pr\u00e4ferierte Sprache, Datum und Uhrzeit des Aufrufes, Betriebssystem und Informationen \u00fcber das genutzte Netzwerk. Mehr dazu finden Sie auf der Datenschutz-Beschreibung von WordPress unter <a href=\"https:\/\/automattic.com\/privacy-notice\/\">https:\/\/automattic.com\/privacy-notice\/<\/a>).<\/p>\n<p>Die personenbezogenen Daten verarbeiten wir zu folgenden Zwecken:<\/p>\n<ul>\n<li>um diese Website zur Verf\u00fcgung zu stellen und um diese Website weiter zu verbessern und zu entwickeln,<\/li>\n<li>um Angriffe auf unsere Website zu erkennen, zu verhindern und untersuchen zu k\u00f6nnen,<\/li>\n<li>um Nutzungsstatistiken erstellen zu k\u00f6nnen<\/li>\n<li>und um Anfragen beantworten zu k\u00f6nnen.<\/li>\n<\/ul>\n<p>Rechtgrundlagen der Verarbeitung der personenbezogenen Daten ist unser \u00fcberwiegend berechtigtes Interesse im Sinne des Artikels 6 Abs. 1 lit. f EU-Datenschutz-Grundverordnung, welches darin besteht, die oben angef\u00fchrten Zwecke zu erreichen.<\/p>\n<p>Wir weisen darauf hin, dass die Daten\u00fcbertragung im Internet (z.B. bei der Kommunikation per E-Mail) Sicherheitsl\u00fccken aufweisen kann. Ein l\u00fcckenloser Schutz der Daten vor dem Zugriff durch Dritte ist nicht m\u00f6glich.<\/p>\n<h2><strong>Newsletter <\/strong><\/h2>\n<p>Mit den nachfolgenden Hinweisen kl\u00e4ren wir Sie \u00fcber die Inhalte unseres Newsletters sowie das Anmelde-, Versand- und das statistische Auswertungsverfahren sowie Ihre Widerspruchsrechte auf. Indem Sie unseren Newsletter abonnieren, erkl\u00e4ren Sie sich mit dem Empfang und den beschriebenen Verfahren einverstanden.<\/p>\n<h3><strong>Inhalt des Newsletters<\/strong><\/h3>\n<p>Wir versenden Newsletter, E-Mails und weitere elektronische Benachrichtigungen mit werblichen Informationen (nachfolgend \u201eNewsletter\u201c) nur mit der Einwilligung der Empf\u00e4nger*innen oder einer gesetzlichen Erlaubnis. Im \u00dcbrigen enthalten unsere Newsletter Informationen \u00fcber unsere Produkte und Dienstleistungen, \u00fcber unser Unternehmen sowie Links zu Informationen auf Drittseiten.<\/p>\n<p>In diesem Zusammenhang weisen wir darauf hin, dass auf den Drittseiten Cookies eingesetzt werden und damit personenbezogene Daten verarbeitet werden k\u00f6nnen. Auf diese Datenerhebung haben wir keinen Einfluss.<\/p>\n<h3><strong>Double-Opt-In und Protokollierung<\/strong><\/h3>\n<p>Die Anmeldung zu unserem Newsletter auf der Website erfolgt in einem sog. Double-Opt-In-Verfahren. D.h. Sie erhalten nach der Anmeldung eine E-Mail, in der Sie um die Best\u00e4tigung Ihrer Anmeldung gebeten werden. Diese Best\u00e4tigung ist notwendig, damit sich niemand mit fremden E-Mailadressen anmelden kann.<\/p>\n<p>Die Anmeldungen zum Newsletter werden protokolliert, um den Anmeldeprozess entsprechend den rechtlichen Anforderungen nachweisen zu k\u00f6nnen. Hierzu geh\u00f6rt die Speicherung des Anmelde- bzw. des Best\u00e4tigungszeitpunkts.<\/p>\n<h3><strong>Einsatz des Newsletter-Moduls von Hubspot<\/strong><\/h3>\n<p>F\u00fcr den Versand unseres Newsletters verwenden wir Hubspot. Die Datenschutzrichtlinie von Hubspot finden Sie unter <a href=\"https:\/\/legal.hubspot.com\/de\/privacy-policy\">https:\/\/legal.hubspot.com\/de\/privacy-policy<\/a>.<\/p>\n<p>Um sich f\u00fcr den Newsletter anzumelden, reicht es aus, wenn Sie Ihre E-Mailadresse angeben.<\/p>\n<h3><strong>Statistische Erhebung und Analysen<\/strong><\/h3>\n<p>Der Newsletter enth\u00e4lt einen sog. \u201eweb-beacon\u201c, d.h. eine pixelgro\u00dfe Datei, die beim \u00d6ffnen des Newsletters von unserem Server abgerufen wird. Damit wird erhoben, ob der Newsletter ge\u00f6ffnet wird und wann er ge\u00f6ffnet wird.<\/p>\n<p>Zu den statistischen Erhebungen geh\u00f6rt ebenfalls die Feststellung welche Links geklickt werden. Diese Informationen k\u00f6nnen aus technischen Gr\u00fcnden zwar den einzelnen Newsletterempf\u00e4nger*innen zugeordnet werden. Es ist jedoch nicht unser Bestreben einzelne Nutzer*innen zu beobachten. Die Auswertungen dienen uns viel mehr dazu, die Lesegewohnheiten unserer Nutzer*innen zu erkennen und unsere Inhalte auf sie anzupassen oder unterschiedliche Inhalte entsprechend den Interessen unserer Nutzer*innen zu versenden.<\/p>\n<h3><strong>K\u00fcndigung\/Widerruf<\/strong><\/h3>\n<p>Sie k\u00f6nnen dem Empfang unseres Newsletters jederzeit k\u00fcndigen, d.h. Ihre Einwilligungen widerrufen. Damit erl\u00f6schen gleichzeitig Ihre Einwilligungen in dessen Versand und die statistischen Analysen. Ein getrennter Widerruf des Versandes oder der statistischen Auswertung ist leider nicht m\u00f6glich.<\/p>\n<p>Einen Link zur K\u00fcndigung des Newsletters finden Sie am Ende eines jeden Newsletters.<\/p>\n<h2>Terminvereinbarung \u00fcber Office 365<\/h2>\n<p>Auf unserer Webseite haben Sie die M\u00f6glichkeit einen Termin mit uns zu vereinbaren. Hierf\u00fcr nutzen wir Microsoft Office 365 zum Organisieren und Versenden der Termineinladung.<\/p>\n<h2><strong>\u00dcbrige Einbindung von Diensten und Inhalten Dritter<\/strong><\/h2>\n<p>Es kann vorkommen, dass innerhalb dieses Onlineangebotes Inhalte Dritter, wie zum Beispiel Videos von YouTube, Kartenmaterial von Google-Maps, RSS-Feeds oder Grafiken von anderen Webseiten eingebunden werden. Dies setzt immer voraus, dass die Anbieter dieser Inhalte (nachfolgend bezeichnet als \u201eDritt-Anbieter\u201c) die IP-Adresse der Nutzer*innen wahr nehmen. Denn ohne die IP-Adresse k\u00f6nnten sie die Inhalte nicht an den Browser des jeweiligen Nutzers\/der jeweiligen Nutzerin senden. Die IP-Adresse ist damit f\u00fcr die Darstellung dieser Inhalte erforderlich. Wir bem\u00fchen uns nur solche Inhalte zu verwenden, deren jeweilige Anbieter die IP-Adresse lediglich zur Auslieferung der Inhalte verwenden. Jedoch haben wir keinen Einfluss darauf, falls die Dritt-Anbieter die IP-Adresse z.B. f\u00fcr statistische Zwecke speichern. Soweit dies uns bekannt ist, kl\u00e4ren wir die Nutzer*innen dar\u00fcber auf.<\/p>\n<h2><strong>Pr\u00e4senz in sozialen Medien<\/strong><\/h2>\n<p>Wir unterhalten Onlinepr\u00e4senzen auf sozialen Netzwerken und Plattformen wie LinkedIn, um mit den dort aktiven Kunden*innen, Interessenten*innen sowie Nutzer*innen kommunizieren und sie dort \u00fcber unsere Leistungen informieren zu k\u00f6nnen. Beim Aufruf der jeweiligen Netzwerke und Plattformen gelten die Gesch\u00e4ftsbedingungen und die Datenverarbeitungsrichtlinien deren jeweiligen Betreiber.<\/p>\n<p>Soweit nicht anders im Rahmen unserer Datenschutzerkl\u00e4rung angegeben, verarbeiten wir die Daten der Nutzer*innen sofern diese mit uns innerhalb der sozialen Netzwerke und Plattformen kommunizieren, z.B. Beitr\u00e4ge auf unseren Onlinepr\u00e4senzen verfassen oder uns Nachrichten zusenden.<\/p>\n<h2><strong>Rechte der Nutzer und L\u00f6schung von Daten<\/strong><\/h2>\n<p>Nutzer*innen haben das Recht, auf Antrag unentgeltlich Auskunft zu erhalten \u00fcber die personenbezogenen Daten, die von uns \u00fcber sie gespeichert wurden.<\/p>\n<p>Zus\u00e4tzlich haben die Nutzer*innen das Recht auf Berichtigung unrichtiger Daten, Widerruf von Einwilligungen, Sperrung und L\u00f6schung ihrer personenbezogenen Daten sowie das Recht, im Fall der Annahme einer unrechtm\u00e4\u00dfigen Datenverarbeitung eine Beschwerde bei der zust\u00e4ndigen Aufsichtsbeh\u00f6rde einzureichen.<\/p>\n<p>Die bei uns gespeicherten Daten werden gel\u00f6scht, sobald sie f\u00fcr ihre Zweckbestimmung nicht mehr erforderlich sind und der L\u00f6schung keine gesetzlichen Aufbewahrungspflichten entgegenstehen.<\/p>\n<h2><strong>\u00c4nderungen der Datenschutzerkl\u00e4rung<\/strong><\/h2>\n<p>Wir behalten uns vor, die Datenschutzerkl\u00e4rung zu \u00e4ndern, um sie an ge\u00e4nderte Rechtslagen, oder bei \u00c4nderungen des Dienstes sowie der Datenverarbeitung anzupassen. Dies gilt jedoch nur im Hinblick auf Erkl\u00e4rungen zur Datenverarbeitung. Sofern Einwilligungen der Nutzer*innen erforderlich sind oder Bestandteile der Datenschutzerkl\u00e4rung Regelungen des Vertragsverh\u00e4ltnisses mit den Nutzern*innen enthalten, erfolgen die \u00c4nderungen nur mit Zustimmung der Nutzer*innen.<\/p>\n<p>Die Nutzer*innen werden gebeten sich regelm\u00e4\u00dfig \u00fcber den Inhalt der Datenschutzerkl\u00e4rung zu informieren.<\/p>\n<h2><strong>Weitere Hinweise<\/strong><\/h2>\n<p>Wir sind bem\u00fcht, die personenbezogenen Daten durch Ergreifung aller technischen und organisatorischen M\u00f6glichkeiten so zu speichern, dass sie f\u00fcr Dritte nicht zug\u00e4nglich sind.<\/p>\n<p>Die Mitarbeiter*innen und die von uns beauftragten Dienstleistungsunternehmen sind von der AUTOSCAN zur Einhaltung der Bestimmungen des Datenschutzgesetzes und sonstiger berufsbezogener Datenschutzbestimmungen verpflichtet.<\/p>\n<h3><strong>Verantwortliche Stelle im Sinne des Datenschutzrechts<\/strong><\/h3>\n<p><strong>Sie erreichen uns unter folgenden Kontaktdaten:<\/strong><\/p>\n<p><strong>Webseitenbetreiber:<\/strong>\u00a0AUTOSCAN gmbh<br \/>\n<strong>Email:<\/strong>\u00a0<a href=\"mailto:office@stg-autoscanapp-dev.kinsta.cloud\">office@stg-autoscanapp-dev.kinsta.cloud<\/a><\/p>\n<\/div><\/section><\/div><div  class='flex_column av-2kfmpw-52234057660e11a96e3a2e412bbb00d5 av_one_half  avia-builder-el-2  el_after_av_one_half  avia-builder-el-last  flex_column_div  '     ><section  class='av_textblock_section av-kze2a5bd-2b9266a34b8c5aef9b92b1351b98ddc7 '   itemscope=\"itemscope\" itemtype=\"https:\/\/schema.org\/CreativeWork\" ><div class='avia_textblock'  itemprop=\"text\" ><h2>PRIVACY POLICY<\/h2>\n<p><strong>Only the German version of this <\/strong><strong>privacy policy<\/strong><strong> is relevant. The English version serves only for information purpose.<\/strong><\/p>\n<p>Below you will find information about what data is collected during your visit and how it is used.<\/p>\n<h2>Basic information on data processing<\/h2>\n<p>We collect, process, and use personal data only in compliance with the relevant data protection regulations. This means that the data will only be used if there is legal permission or consent.<\/p>\n<p>We take organizational, contractual, and technical security measures according to the state of the art to ensure that data protection laws are observed and to protect data against accidental or intentional manipulation, loss, destruction or unauthorized access by unauthorized.<\/p>\n<h2>Data processing on this website<\/h2>\n<p>Our website can be used without providing any personal data. If personal data is collected on our website, this is always done on a voluntary basis.<\/p>\n<p>This website is based on the content management system WordPress. During your visit of this website we collect some information: IP address, browser, preferred language, date and time of access, operating system and information about the network. You can find more about this in the data protection description of WordPress: <a href=\"https:\/\/automattic.com\/privacy-notice\/\">https:\/\/automattic.com\/privacy-notice\/<\/a>.<\/p>\n<p>We process personal data for the following purposes:<\/p>\n<ul>\n<li>to make this website available and to further improve and develop this website,<\/li>\n<li>to detect, prevent and investigate attacks on our website,<\/li>\n<li>to be able to create usage statistic<\/li>\n<li>and to be able to answer inquiries.<\/li>\n<\/ul>\n<p>The legal basis for the processing of personal data is our predominantly legitimate interest within the meaning of Article 6 Paragraph 1 Letter f of the EU General Data Protection Regulation, which describes achieving the purposes stated above.<\/p>\n<p>We would like to point out that data transmission on the Internet (e.g. when communicating by e-mail) can have security gaps. A complete protection of the data against access by third parties is not possible.<\/p>\n<h2>Newsletter<\/h2>\n<p>With the following information we will inform you about the contents of our newsletter as well as the registration, dispatch and statistical evaluation procedures as well as your rights. By subscribing to our newsletter, you agree to the procedures described below.<\/p>\n<h3>Content of the newsletter<\/h3>\n<p>We send newsletters, e-mails and other electronic notifications with advertising information (hereinafter &#8222;newsletter&#8220;) only with the consent of the recipient or a legal permit.<\/p>\n<p>In addition, our newsletters contain information about our products and services, about our company and links to information on third-party sites.<\/p>\n<p>In this context, we would like to point out that cookies are used on third-party websites and that personal data can be processed as a result. We have no influence on this data collection.<\/p>\n<h3>Double opt-in and logging<\/h3>\n<p>Registration for our newsletter on the website takes place in a so-called double opt-in procedure. This means that after registration you will receive an e-mail in which you will be asked to confirm your registration. This confirmation is necessary so that nobody can register with someone else&#8217;s e-mail address.<\/p>\n<p>The registrations for the newsletter are logged in order to be able to prove the registration process in accordance with the legal requirements. This includes storing the registration or confirmation time.<\/p>\n<h3>The Hubspot newsletter module<\/h3>\n<p>We use Hubspot to send our newsletters. Hubspot&#8217;s privacy policy can be found at https:\/\/legal.hubspot.com\/de\/privacy-policy.<\/p>\n<p>To register for the newsletter, it is sufficient if you enter your e-mail address.<\/p>\n<h3>Statistical survey and analysis<\/h3>\n<p>The newsletter contains a so-called &#8222;web beacon&#8220;, i.e. a pixel-sized file that is retrieved from our server when the newsletter is opened. This records whether and when the newsletter is opened.<\/p>\n<p>Statistical surveys also include determining which links are clicked. For technical reasons, this information can be assigned to the individual newsletter recipients. However, it is not our aim to monitor individual users. The evaluations serve to recognize the reading habits of our users and to adapt our content to them or to send different content according to the interests of our users.<\/p>\n<h3>Termination\/Revocation<\/h3>\n<p>You can unsubscribe from our newsletter at any time. At the same time, your consent to receive our newsletter and record statistical data expire. A separate revocation of the statistical evaluation is unfortunately not possible.<\/p>\n<p>You will find a link to unsubscribe at the end of each newsletter.<\/p>\n<h2>Scheduling an appointment via Office 365<\/h2>\n<p>You can schedule an appointment with us on our website. To do so, we use Microsoft Office 365 to organize and send the appointment invitation.<\/p>\n<h2>Other integration of services and content of third parties<\/h2>\n<p>It may happen that content from third parties, such as videos from YouTube, maps from Google Maps, RSS feeds or graphics from other websites are integrated within this online offer. This always presupposes that the providers of this content (hereinafter referred to as &#8222;third-party providers&#8220;) perceive the IP address of the users. Because without the IP address, they could not send the content to the browser of the respective user. The IP address is therefore required for the display of this content. We endeavor to only use content whose respective providers only use the IP address to deliver the content. However, we have no influence if the third-party providers store the IP address, e.g. for statistical purposes. As far as this is known to us, we inform the users about it.<\/p>\n<h2>Presence on social media<\/h2>\n<p>We maintain an online presence on social networks and platforms such as LinkedIn in order to be able to communicate with customers, interested parties and users who are active there and to inform them about our services. When calling up the respective networks and platforms, the terms and conditions and data privacy guidelines of their respective operators apply.<\/p>\n<p>Unless otherwise stated in our data protection declaration, we process the data of the users if they communicate with us within the social networks and platforms, e.g. write posts on our online presence or send us messages.<\/p>\n<h2>User rights and deletion of data<\/h2>\n<p>Users have the right to request information free of charge about the personal data that we have stored about them.<\/p>\n<p>In addition, users have the right to correct incorrect data, to revoke consent, to block and delete their personal data and to lodge a complaint with the responsible supervisory authority if they suspect unlawful data processing.<\/p>\n<p>The data stored by us will be deleted as soon as they are no longer required for their intended purpose and the deletion does not conflict with any statutory storage requirements.<\/p>\n<h2>Changes to the Privacy Policy<\/h2>\n<p>We reserve the right to change this pricay policy in order to adapt it to changed legal situations or to changes in the service and data processing. However, this only applies with regard to declarations on data processing. If user consent is required or parts of the privacy policy agreement with our users change, the changes will only be made with the consent of the user.<\/p>\n<p>Users are asked to inform themselves regularly about the content of the privacy policy declaration.<\/p>\n<h2>More information<\/h2>\n<p>We to our best to store the personal data by taking all technical and organizational measures in such a way that they are not accessible to third parties.<\/p>\n<p>The employees and sub-contractors are obliged by AUTOSCAN to maintain secrecy and to comply with the privacy policy and other professional data protection regulations.<\/p>\n<h2>Contact information<\/h2>\n<p>You can reach us using the following contact details:<\/p>\n<p><strong>Website operator: <\/strong>AUTOSCAN gmbh<\/p>\n<p><strong>Email<\/strong>: <a href=\"mailto:office@stg-autoscanapp-dev.kinsta.cloud\">office@stg-autoscanapp-dev.kinsta.cloud<\/a><\/p>\n<\/div><\/section><\/div><\/p>\n","protected":false},"excerpt":{"rendered":"","protected":false},"author":123668504,"featured_media":0,"parent":0,"menu_order":0,"comment_status":"closed","ping_status":"closed","template":"","meta":{"content-type":""},"_links":{"self":[{"href":"https:\/\/autoscan.app\/de\/wp-json\/wp\/v2\/pages\/8570"}],"collection":[{"href":"https:\/\/autoscan.app\/de\/wp-json\/wp\/v2\/pages"}],"about":[{"href":"https:\/\/autoscan.app\/de\/wp-json\/wp\/v2\/types\/page"}],"author":[{"embeddable":true,"href":"https:\/\/autoscan.app\/de\/wp-json\/wp\/v2\/users\/123668504"}],"replies":[{"embeddable":true,"href":"https:\/\/autoscan.app\/de\/wp-json\/wp\/v2\/comments?post=8570"}],"version-history":[{"count":12,"href":"https:\/\/autoscan.app\/de\/wp-json\/wp\/v2\/pages\/8570\/revisions"}],"predecessor-version":[{"id":11618,"href":"https:\/\/autoscan.app\/de\/wp-json\/wp\/v2\/pages\/8570\/revisions\/11618"}],"wp:attachment":[{"href":"https:\/\/autoscan.app\/de\/wp-json\/wp\/v2\/media?parent=8570"}],"curies":[{"name":"wp","href":"https:\/\/api.w.org\/{rel}","templated":true}]}}